{"id":1647,"date":"2026-05-09T19:44:00","date_gmt":"2026-05-09T19:44:00","guid":{"rendered":"https:\/\/sodacare.com\/?page_id=1647"},"modified":"2026-05-09T19:44:00","modified_gmt":"2026-05-09T19:44:00","slug":"serum-pousse-cils","status":"publish","type":"page","link":"https:\/\/sodacare.com\/?page_id=1647","title":{"rendered":"serum pousse cils"},"content":{"rendered":"\n<div class=\"wp-block-media-text is-stacked-on-mobile\"><figure class=\"wp-block-media-text__media\"><img fetchpriority=\"high\" decoding=\"async\" width=\"259\" height=\"270\" src=\"https:\/\/sodacare.com\/wp-content\/uploads\/2026\/05\/OIP-1.webp\" alt=\"\" class=\"wp-image-1649 size-full\"\/><\/figure><div class=\"wp-block-media-text__content\">\n<p>D\u00e9couvrez Lash by Maya, le s\u00e9rum qui aide vos cils \u00e0 para\u00eetre plus longs, plus forts et plus volumineux au fil des applications. Sa texture l\u00e9g\u00e8re s\u2019int\u00e8gre facilement \u00e0 votre routine beaut\u00e9 pour sublimer naturellement votre regard. Un regard intense commence par des cils en bonne sant\u00e9.<\/p>\n<\/div><\/div>\n\n\n\n<div class=\"wp-block-buttons is-layout-flex wp-block-buttons-is-layout-flex\">\n<div class=\"wp-block-button\"><a class=\"wp-block-button__link wp-element-button\">acheter<\/a><\/div>\n<\/div>\n\n\n\n<p>\u2728 Les bienfaits du s\u00e9rum Lash by Maya \u2728<\/p>\n\n\n\n<p>Gr\u00e2ce \u00e0 sa formule enrichie en extraits naturels et peptides puissants, ce s\u00e9rum aide \u00e0 r\u00e9v\u00e9ler des cils plus longs, plus forts et visiblement plus denses.<\/p>\n\n\n\n<p>\ud83d\udca7 Hydratation intense : l\u2019acide hyaluronique aide \u00e0 nourrir et hydrater les cils pour \u00e9viter la casse et le dess\u00e8chement.<\/p>\n\n\n\n<p>\ud83c\udf3f Stimule la pousse : les extraits de ginseng et de plantes favorisent la circulation au niveau de la racine pour encourager une croissance saine des cils.<\/p>\n\n\n\n<p>\ud83d\udcaa Fortifie et \u00e9paissit : les peptides comme le Myristoyl Pentapeptide-17 et le Biotinoyl Tripeptide-1 aident \u00e0 renforcer les cils et \u00e0 leur donner un aspect plus fourni.<\/p>\n\n\n\n<p>\u2728 Protection et brillance : la vitamine E et le Copper Tripeptide-1 prot\u00e8gent contre les agressions ext\u00e9rieures tout en apportant douceur et \u00e9clat naturel.<\/p>\n\n\n\n<p>\ud83d\udc96 R\u00e9sultat : des cils plus r\u00e9sistants, plus volumineux et naturellement sublim\u00e9s jour apr\u00e8s jour.<\/p>\n","protected":false},"excerpt":{"rendered":"<p>D\u00e9couvrez Lash by Maya, le s\u00e9rum qui aide vos cils \u00e0 para\u00eetre plus longs, plus forts et plus volumineux au [&hellip;]<\/p>\n","protected":false},"author":1,"featured_media":1649,"parent":22,"menu_order":0,"comment_status":"closed","ping_status":"closed","template":"","meta":{"site-sidebar-layout":"default","site-content-layout":"","ast-site-content-layout":"default","site-content-style":"default","site-sidebar-style":"default","ast-global-header-display":"","ast-banner-title-visibility":"","ast-main-header-display":"","ast-hfb-above-header-display":"","ast-hfb-below-header-display":"","ast-hfb-mobile-header-display":"","site-post-title":"","ast-breadcrumbs-content":"","ast-featured-img":"","footer-sml-layout":"","ast-disable-related-posts":"","theme-transparent-header-meta":"","adv-header-id-meta":"","stick-header-meta":"","header-above-stick-meta":"","header-main-stick-meta":"","header-below-stick-meta":"","astra-migrate-meta-layouts":"default","ast-page-background-enabled":"default","ast-page-background-meta":{"desktop":{"background-color":"var(--ast-global-color-5)","background-image":"","background-repeat":"repeat","background-position":"center center","background-size":"auto","background-attachment":"scroll","background-type":"","background-media":"","overlay-type":"","overlay-color":"","overlay-opacity":"","overlay-gradient":""},"tablet":{"background-color":"","background-image":"","background-repeat":"repeat","background-position":"center center","background-size":"auto","background-attachment":"scroll","background-type":"","background-media":"","overlay-type":"","overlay-color":"","overlay-opacity":"","overlay-gradient":""},"mobile":{"background-color":"","background-image":"","background-repeat":"repeat","background-position":"center center","background-size":"auto","background-attachment":"scroll","background-type":"","background-media":"","overlay-type":"","overlay-color":"","overlay-opacity":"","overlay-gradient":""}},"ast-content-background-meta":{"desktop":{"background-color":"var(--ast-global-color-4)","background-image":"","background-repeat":"repeat","background-position":"center center","background-size":"auto","background-attachment":"scroll","background-type":"","background-media":"","overlay-type":"","overlay-color":"","overlay-opacity":"","overlay-gradient":""},"tablet":{"background-color":"var(--ast-global-color-4)","background-image":"","background-repeat":"repeat","background-position":"center center","background-size":"auto","background-attachment":"scroll","background-type":"","background-media":"","overlay-type":"","overlay-color":"","overlay-opacity":"","overlay-gradient":""},"mobile":{"background-color":"var(--ast-global-color-4)","background-image":"","background-repeat":"repeat","background-position":"center center","background-size":"auto","background-attachment":"scroll","background-type":"","background-media":"","overlay-type":"","overlay-color":"","overlay-opacity":"","overlay-gradient":""}},"footnotes":""},"class_list":["post-1647","page","type-page","status-publish","has-post-thumbnail","hentry"],"_hostinger_reach_plugin_has_subscription_block":false,"_hostinger_reach_plugin_is_elementor":false,"_links":{"self":[{"href":"https:\/\/sodacare.com\/index.php?rest_route=\/wp\/v2\/pages\/1647","targetHints":{"allow":["GET"]}}],"collection":[{"href":"https:\/\/sodacare.com\/index.php?rest_route=\/wp\/v2\/pages"}],"about":[{"href":"https:\/\/sodacare.com\/index.php?rest_route=\/wp\/v2\/types\/page"}],"author":[{"embeddable":true,"href":"https:\/\/sodacare.com\/index.php?rest_route=\/wp\/v2\/users\/1"}],"replies":[{"embeddable":true,"href":"https:\/\/sodacare.com\/index.php?rest_route=%2Fwp%2Fv2%2Fcomments&post=1647"}],"version-history":[{"count":1,"href":"https:\/\/sodacare.com\/index.php?rest_route=\/wp\/v2\/pages\/1647\/revisions"}],"predecessor-version":[{"id":1650,"href":"https:\/\/sodacare.com\/index.php?rest_route=\/wp\/v2\/pages\/1647\/revisions\/1650"}],"up":[{"embeddable":true,"href":"https:\/\/sodacare.com\/index.php?rest_route=\/wp\/v2\/pages\/22"}],"wp:featuredmedia":[{"embeddable":true,"href":"https:\/\/sodacare.com\/index.php?rest_route=\/wp\/v2\/media\/1649"}],"wp:attachment":[{"href":"https:\/\/sodacare.com\/index.php?rest_route=%2Fwp%2Fv2%2Fmedia&parent=1647"}],"curies":[{"name":"wp","href":"https:\/\/api.w.org\/{rel}","templated":true}]}}